{"id":15,"date":"2019-12-22T08:10:50","date_gmt":"2019-12-22T07:10:50","guid":{"rendered":"http:\/\/nos-visites-guidees.com\/?page_id=15"},"modified":"2024-02-07T18:59:38","modified_gmt":"2024-02-07T17:59:38","slug":"accueil","status":"publish","type":"page","link":"https:\/\/www.nos-visites-guidees.com\/index.php\/fr\/accueil\/","title":{"rendered":"Accueil"},"content":{"rendered":"\n<h2 class=\"wp-block-heading\">Visites Guid\u00e9es dans les deux Savoie<\/h2>\n\n\n\n<p style=\"text-align: justify;\">Partez \u00e0 la d\u00e9couverte de villes et monuments lors de visites guid\u00e9es ludiques et culturelles.<br \/>Votre guide dipl\u00f4m\u00e9e, originaire de Rh\u00f4ne-Alpes, vous accompagne dans vos excursions dans les centres historiques, les mus\u00e9es&#8230; pour partager avec vous sa passion pour le patrimoine.<\/p>\n<p>\u00a0<\/p>\n\n\n\n<div style=\"height:40px\" aria-hidden=\"true\" class=\"wp-block-spacer\"><\/div>\n\n\n\n<div class=\"wp-block-columns is-layout-flex wp-container-core-columns-is-layout-9d6595d7 wp-block-columns-is-layout-flex\">\n<div class=\"wp-block-column is-layout-flow wp-block-column-is-layout-flow\">\n<figure class=\"wp-block-image size-medium\"><img loading=\"lazy\" decoding=\"async\" width=\"300\" height=\"200\" src=\"http:\/\/nos-visites-guidees.com\/wp-content\/uploads\/photos\/FR\/E_ROCH_accompagnement_2-300x200.jpg\" alt=\"\" class=\"wp-image-112\" srcset=\"https:\/\/www.nos-visites-guidees.com\/wp-content\/uploads\/photos\/FR\/E_ROCH_accompagnement_2-300x200.jpg 300w, https:\/\/www.nos-visites-guidees.com\/wp-content\/uploads\/photos\/FR\/E_ROCH_accompagnement_2.jpg 700w\" sizes=\"auto, (max-width: 300px) 100vw, 300px\" \/><figcaption class=\"wp-element-caption\"><a href=\"http:\/\/nos-visites-guidees.com\/index.php\/fr\/accompagnements\/\">Accompagnement<\/a><\/figcaption><\/figure>\n<\/div>\n\n\n\n<div class=\"wp-block-column is-layout-flow wp-block-column-is-layout-flow\">\n<figure class=\"wp-block-image size-medium\"><img loading=\"lazy\" decoding=\"async\" width=\"300\" height=\"200\" src=\"http:\/\/nos-visites-guidees.com\/wp-content\/uploads\/photos\/FR\/jeune_public_2-300x200.jpg\" alt=\"\" class=\"wp-image-101\" srcset=\"https:\/\/www.nos-visites-guidees.com\/wp-content\/uploads\/photos\/FR\/jeune_public_2-300x200.jpg 300w, https:\/\/www.nos-visites-guidees.com\/wp-content\/uploads\/photos\/FR\/jeune_public_2.jpg 380w\" sizes=\"auto, (max-width: 300px) 100vw, 300px\" \/><figcaption class=\"wp-element-caption\"><a href=\"http:\/\/nos-visites-guidees.com\/index.php\/fr\/scolaires\/\">Scolaires<\/a><\/figcaption><\/figure>\n<\/div>\n\n\n\n<div class=\"wp-block-column is-layout-flow wp-block-column-is-layout-flow\">\n<figure class=\"wp-block-image size-medium\"><img loading=\"lazy\" decoding=\"async\" width=\"300\" height=\"193\" src=\"http:\/\/nos-visites-guidees.com\/wp-content\/uploads\/photos\/FR\/assistance-transfert-300x193.jpg\" alt=\"\" class=\"wp-image-346\" srcset=\"https:\/\/www.nos-visites-guidees.com\/wp-content\/uploads\/photos\/FR\/assistance-transfert-300x193.jpg 300w, https:\/\/www.nos-visites-guidees.com\/wp-content\/uploads\/photos\/FR\/assistance-transfert.jpg 640w\" sizes=\"auto, (max-width: 300px) 100vw, 300px\" \/><figcaption class=\"wp-element-caption\"><a href=\"http:\/\/nos-visites-guidees.com\/index.php\/fr\/assistance-transferts\/\">Assistance Transferts<\/a><\/figcaption><\/figure>\n\n\n\n<p><\/p>\n<\/div>\n<\/div>\n\n\n\n<div style=\"height:100px\" aria-hidden=\"true\" class=\"wp-block-spacer\"><\/div>\n\n\n\n<p><\/p>\n","protected":false},"excerpt":{"rendered":"<p>Visites Guid\u00e9es dans les deux Savoie Partez \u00e0 la d\u00e9couverte de villes et monuments lors de visites guid\u00e9es ludiques et [&hellip;]<\/p>\n","protected":false},"author":2,"featured_media":0,"parent":0,"menu_order":0,"comment_status":"closed","ping_status":"closed","template":"","meta":{"footnotes":""},"class_list":["post-15","page","type-page","status-publish","hentry"],"_links":{"self":[{"href":"https:\/\/www.nos-visites-guidees.com\/index.php\/wp-json\/wp\/v2\/pages\/15","targetHints":{"allow":["GET"]}}],"collection":[{"href":"https:\/\/www.nos-visites-guidees.com\/index.php\/wp-json\/wp\/v2\/pages"}],"about":[{"href":"https:\/\/www.nos-visites-guidees.com\/index.php\/wp-json\/wp\/v2\/types\/page"}],"author":[{"embeddable":true,"href":"https:\/\/www.nos-visites-guidees.com\/index.php\/wp-json\/wp\/v2\/users\/2"}],"replies":[{"embeddable":true,"href":"https:\/\/www.nos-visites-guidees.com\/index.php\/wp-json\/wp\/v2\/comments?post=15"}],"version-history":[{"count":23,"href":"https:\/\/www.nos-visites-guidees.com\/index.php\/wp-json\/wp\/v2\/pages\/15\/revisions"}],"predecessor-version":[{"id":411,"href":"https:\/\/www.nos-visites-guidees.com\/index.php\/wp-json\/wp\/v2\/pages\/15\/revisions\/411"}],"wp:attachment":[{"href":"https:\/\/www.nos-visites-guidees.com\/index.php\/wp-json\/wp\/v2\/media?parent=15"}],"curies":[{"name":"wp","href":"https:\/\/api.w.org\/{rel}","templated":true}]}}