{"id":151,"date":"2019-12-22T10:25:29","date_gmt":"2019-12-22T09:25:29","guid":{"rendered":"http:\/\/nos-visites-guidees.com\/?page_id=151"},"modified":"2020-01-09T21:32:10","modified_gmt":"2020-01-09T20:32:10","slug":"accompagnements","status":"publish","type":"page","link":"https:\/\/www.nos-visites-guidees.com\/index.php\/fr\/accompagnements\/","title":{"rendered":"Accompagnements"},"content":{"rendered":"\n<h1>Ma devise :&nbsp; \u00ab&nbsp;sourire et adaptabilit\u00e9&nbsp;\u00bb.<\/h1>\n<p style=\"text-align: justify;\"><img loading=\"lazy\" decoding=\"async\" class=\"alignleft wp-image-112\" src=\"http:\/\/nos-visites-guidees.com\/wp-content\/uploads\/photos\/FR\/E_ROCH_accompagnement_2.jpg\" alt=\"\" width=\"250\" height=\"166\" srcset=\"https:\/\/www.nos-visites-guidees.com\/wp-content\/uploads\/photos\/FR\/E_ROCH_accompagnement_2.jpg 700w, https:\/\/www.nos-visites-guidees.com\/wp-content\/uploads\/photos\/FR\/E_ROCH_accompagnement_2-300x200.jpg 300w\" sizes=\"auto, (max-width: 250px) 100vw, 250px\" \/>Je peux vous proposer des accompagnements sur la France, l\u2019Italie, la Suisse, l\u2019Angleterre,&nbsp; l\u2019Allemagne-et l\u2019Autriche pour des d\u00e9couvertes partag\u00e9es de ces territoires, de fa\u00e7on vivante et chaleureuse. Aide logistique du s\u00e9jour sur place (lien avec les h\u00f4tels, les prestataires locaux\u2026) et apport de contenu&nbsp; : pistes sur l\u2019histoire des territoires et monuments&nbsp; visit\u00e9s, contexte local\u2026<\/p>\n<p>&nbsp;<\/p>\n<p>&nbsp;<\/p>\n","protected":false},"excerpt":{"rendered":"<p>Ma devise :&nbsp; \u00ab&nbsp;sourire et adaptabilit\u00e9&nbsp;\u00bb. Je peux vous proposer des accompagnements sur la France, l\u2019Italie, la Suisse, l\u2019Angleterre,&nbsp; l\u2019Allemagne-et [&hellip;]<\/p>\n","protected":false},"author":2,"featured_media":0,"parent":0,"menu_order":0,"comment_status":"closed","ping_status":"closed","template":"","meta":{"footnotes":""},"class_list":["post-151","page","type-page","status-publish","hentry"],"_links":{"self":[{"href":"https:\/\/www.nos-visites-guidees.com\/index.php\/wp-json\/wp\/v2\/pages\/151","targetHints":{"allow":["GET"]}}],"collection":[{"href":"https:\/\/www.nos-visites-guidees.com\/index.php\/wp-json\/wp\/v2\/pages"}],"about":[{"href":"https:\/\/www.nos-visites-guidees.com\/index.php\/wp-json\/wp\/v2\/types\/page"}],"author":[{"embeddable":true,"href":"https:\/\/www.nos-visites-guidees.com\/index.php\/wp-json\/wp\/v2\/users\/2"}],"replies":[{"embeddable":true,"href":"https:\/\/www.nos-visites-guidees.com\/index.php\/wp-json\/wp\/v2\/comments?post=151"}],"version-history":[{"count":5,"href":"https:\/\/www.nos-visites-guidees.com\/index.php\/wp-json\/wp\/v2\/pages\/151\/revisions"}],"predecessor-version":[{"id":337,"href":"https:\/\/www.nos-visites-guidees.com\/index.php\/wp-json\/wp\/v2\/pages\/151\/revisions\/337"}],"wp:attachment":[{"href":"https:\/\/www.nos-visites-guidees.com\/index.php\/wp-json\/wp\/v2\/media?parent=151"}],"curies":[{"name":"wp","href":"https:\/\/api.w.org\/{rel}","templated":true}]}}