{"id":202,"date":"2019-12-25T19:34:18","date_gmt":"2019-12-25T18:34:18","guid":{"rendered":"http:\/\/nos-visites-guidees.com\/?page_id=202"},"modified":"2019-12-25T19:34:19","modified_gmt":"2019-12-25T18:34:19","slug":"wer-bin-ich","status":"publish","type":"page","link":"https:\/\/www.nos-visites-guidees.com\/index.php\/de\/wer-bin-ich\/","title":{"rendered":"Wer bin ich?"},"content":{"rendered":"\n<p>\u00a0<\/p>\n<p style=\"text-align: justify;\"><img loading=\"lazy\" decoding=\"async\" class=\"size-full wp-image-197 alignleft\" src=\"http:\/\/nos-visites-guidees.com\/wp-content\/uploads\/photos\/DE\/emmanuelle-roch.jpg\" alt=\"\" width=\"129\" height=\"147\" \/>Nach einem abgeschlossenen Sprachen -und Touristikstudium und einer erfolgreichen Ausbildung zur Fremdenf\u00fchrerin (2006), freue ich mich, Ihnen die Reicht\u00fcrmer meiner Heimat Region (Rh\u00f4ne-Alpes) und der benachbarten Schweiz entdecken zu lassen.<br \/>Tauchen Sie mit mir w\u00e4hrend meiner Stadtbesichtigungen in die Geschichte und die Geheimnisse interessanter St\u00e4dte.<br \/><br \/>Sind Sie auf Durchreise ?<br \/>Haben Sie kurz Zeit, um das Wesentliche zu entdecken ?<\/p>\n<p style=\"text-align: justify;\"><strong>Themen- und klassiche stadtf\u00fchrungen, Kinder und Familienf\u00fchrungen, F\u00fchrungen ma\u00dfgeschneidert je nach Ihren Interessen, nach Ihrer Zeit, Ihrem Ort. Ich passe mich Ihren W\u00fcnschen an.<\/strong><\/p>\n<p>\u00a0<\/p>\n","protected":false},"excerpt":{"rendered":"<p>\u00a0 Nach einem abgeschlossenen Sprachen -und Touristikstudium und einer erfolgreichen Ausbildung zur Fremdenf\u00fchrerin (2006), freue ich mich, Ihnen die Reicht\u00fcrmer [&hellip;]<\/p>\n","protected":false},"author":2,"featured_media":0,"parent":0,"menu_order":0,"comment_status":"closed","ping_status":"closed","template":"","meta":{"footnotes":""},"class_list":["post-202","page","type-page","status-publish","hentry"],"_links":{"self":[{"href":"https:\/\/www.nos-visites-guidees.com\/index.php\/wp-json\/wp\/v2\/pages\/202","targetHints":{"allow":["GET"]}}],"collection":[{"href":"https:\/\/www.nos-visites-guidees.com\/index.php\/wp-json\/wp\/v2\/pages"}],"about":[{"href":"https:\/\/www.nos-visites-guidees.com\/index.php\/wp-json\/wp\/v2\/types\/page"}],"author":[{"embeddable":true,"href":"https:\/\/www.nos-visites-guidees.com\/index.php\/wp-json\/wp\/v2\/users\/2"}],"replies":[{"embeddable":true,"href":"https:\/\/www.nos-visites-guidees.com\/index.php\/wp-json\/wp\/v2\/comments?post=202"}],"version-history":[{"count":1,"href":"https:\/\/www.nos-visites-guidees.com\/index.php\/wp-json\/wp\/v2\/pages\/202\/revisions"}],"predecessor-version":[{"id":203,"href":"https:\/\/www.nos-visites-guidees.com\/index.php\/wp-json\/wp\/v2\/pages\/202\/revisions\/203"}],"wp:attachment":[{"href":"https:\/\/www.nos-visites-guidees.com\/index.php\/wp-json\/wp\/v2\/media?parent=202"}],"curies":[{"name":"wp","href":"https:\/\/api.w.org\/{rel}","templated":true}]}}