{"id":218,"date":"2019-12-26T20:58:55","date_gmt":"2019-12-26T19:58:55","guid":{"rendered":"http:\/\/nos-visites-guidees.com\/?page_id=218"},"modified":"2019-12-26T21:03:45","modified_gmt":"2019-12-26T20:03:45","slug":"scolaires","status":"publish","type":"page","link":"https:\/\/www.nos-visites-guidees.com\/index.php\/fr\/scolaires\/","title":{"rendered":"Scolaires"},"content":{"rendered":"\n<p style=\"text-align: justify;\">Ma passion pour le patrimoine au service et \u00e0 la port\u00e9e des enfants\u2026.<\/p>\n<p style=\"text-align: justify;\">Sp\u00e9cialis\u00e9e dans l\u2019accueil du jeune public, j&rsquo;interviens toute l&rsquo;ann\u00e9e dans des \u00e9coles primaires, des coll\u00e8ges et des lyc\u00e9es.<\/p>\n<p style=\"text-align: justify;\">je sais m\u2019adapter \u00e0 votre projet pour cr\u00e9er avec vous une visite vivante et ludique ou un atelier. <br>Projets sur mesure r\u00e9alisables sur une ou plusieurs s\u00e9ances.<br>Scolaires dans le cadre de la classe ou intervention sur votre lieu de s\u00e9jour classe d\u00e9couverte, classe verte, classe de neige\u2026. <br><br>Quelques id\u00e9es de d\u00e9couvertes ludiques&nbsp; :<br>D\u00e9couverte d&rsquo;une ville&nbsp; sous forme de jeux de r\u00f4les<br>D\u00e9couverte des mat\u00e9riaux, des couleurs,&nbsp; des formes d&rsquo;une ville ou d&rsquo;un village, des techniques de construction du moyen-\u00e2ge&#8230;<\/p>\n<p style=\"text-align: justify;\">D\u00e9couverte d\u2019une \u00e9glise du moyen \u00e2ge \u00e0 travers mimes, jeux de r\u00f4les et dessin et petits jeux.<br>&nbsp; <br>Visites sur mesure sur simple demande en fonction de votre projet, de la dur\u00e9e et du lieu, grande flexibilit\u00e9.<\/p>\n<p>Contactez moi, je saurai cr\u00e9er avec vous une visite r\u00e9pondant \u00e0 vos attentes et \u00e0 votre budget.<\/p>\n","protected":false},"excerpt":{"rendered":"<p>Ma passion pour le patrimoine au service et \u00e0 la port\u00e9e des enfants\u2026. Sp\u00e9cialis\u00e9e dans l\u2019accueil du jeune public, j&rsquo;interviens [&hellip;]<\/p>\n","protected":false},"author":2,"featured_media":101,"parent":0,"menu_order":0,"comment_status":"closed","ping_status":"closed","template":"","meta":{"footnotes":""},"class_list":["post-218","page","type-page","status-publish","has-post-thumbnail","hentry"],"_links":{"self":[{"href":"https:\/\/www.nos-visites-guidees.com\/index.php\/wp-json\/wp\/v2\/pages\/218","targetHints":{"allow":["GET"]}}],"collection":[{"href":"https:\/\/www.nos-visites-guidees.com\/index.php\/wp-json\/wp\/v2\/pages"}],"about":[{"href":"https:\/\/www.nos-visites-guidees.com\/index.php\/wp-json\/wp\/v2\/types\/page"}],"author":[{"embeddable":true,"href":"https:\/\/www.nos-visites-guidees.com\/index.php\/wp-json\/wp\/v2\/users\/2"}],"replies":[{"embeddable":true,"href":"https:\/\/www.nos-visites-guidees.com\/index.php\/wp-json\/wp\/v2\/comments?post=218"}],"version-history":[{"count":2,"href":"https:\/\/www.nos-visites-guidees.com\/index.php\/wp-json\/wp\/v2\/pages\/218\/revisions"}],"predecessor-version":[{"id":222,"href":"https:\/\/www.nos-visites-guidees.com\/index.php\/wp-json\/wp\/v2\/pages\/218\/revisions\/222"}],"wp:featuredmedia":[{"embeddable":true,"href":"https:\/\/www.nos-visites-guidees.com\/index.php\/wp-json\/wp\/v2\/media\/101"}],"wp:attachment":[{"href":"https:\/\/www.nos-visites-guidees.com\/index.php\/wp-json\/wp\/v2\/media?parent=218"}],"curies":[{"name":"wp","href":"https:\/\/api.w.org\/{rel}","templated":true}]}}