{"id":23,"date":"2019-12-22T09:36:36","date_gmt":"2019-12-22T08:36:36","guid":{"rendered":"http:\/\/nos-visites-guidees.com\/?page_id=23"},"modified":"2019-12-25T19:31:25","modified_gmt":"2019-12-25T18:31:25","slug":"qui-suis-je","status":"publish","type":"page","link":"https:\/\/www.nos-visites-guidees.com\/index.php\/fr\/qui-suis-je\/","title":{"rendered":"Qui suis-je?"},"content":{"rendered":"\n<p style=\"text-align: justify;\"><img loading=\"lazy\" decoding=\"async\" class=\"size-full wp-image-199 alignleft\" src=\"http:\/\/nos-visites-guidees.com\/wp-content\/uploads\/photos\/FR\/emmanuelle-roch.jpg\" alt=\"\" width=\"129\" height=\"147\" \/>Titulaire d\u2019une ma\u00eetrise de tourisme anglais et allemand et de la carte professionnelle de guide conf\u00e9renci\u00e8re depuis 2006, je serai heureuse de vous faire d\u00e9couvrir les richesses de ce territoire dont je suis originaire.<br \/>J&rsquo;aime faire d\u00e9couvrir ma r\u00e9gion, son histoire, ses anecdotes et ses secrets lors de visites tr\u00e8s vivantes aussi bien traditionnelles que pour des excursions sortant des sentiers battus.<\/p>\n<p>Visites guid\u00e9es classiques, visites th\u00e9matiques, visites enfants et familles, visites sur mesure en fonction de vos envies, de la dur\u00e9e,du lieu, grande flexibilit\u00e9.<\/p>\n<p><strong>Contactez moi, je saurai cr\u00e9er avec vous une visite r\u00e9pondant \u00e0 vos attentes.<\/strong><\/p>\n<p>\u00a0<\/p>\n<p style=\"text-align: center;\">\u00a0<\/p>\n<p>\u00a0<\/p>\n","protected":false},"excerpt":{"rendered":"<p>Titulaire d\u2019une ma\u00eetrise de tourisme anglais et allemand et de la carte professionnelle de guide conf\u00e9renci\u00e8re depuis 2006, je serai [&hellip;]<\/p>\n","protected":false},"author":2,"featured_media":0,"parent":0,"menu_order":0,"comment_status":"closed","ping_status":"closed","template":"","meta":{"footnotes":""},"class_list":["post-23","page","type-page","status-publish","hentry"],"_links":{"self":[{"href":"https:\/\/www.nos-visites-guidees.com\/index.php\/wp-json\/wp\/v2\/pages\/23","targetHints":{"allow":["GET"]}}],"collection":[{"href":"https:\/\/www.nos-visites-guidees.com\/index.php\/wp-json\/wp\/v2\/pages"}],"about":[{"href":"https:\/\/www.nos-visites-guidees.com\/index.php\/wp-json\/wp\/v2\/types\/page"}],"author":[{"embeddable":true,"href":"https:\/\/www.nos-visites-guidees.com\/index.php\/wp-json\/wp\/v2\/users\/2"}],"replies":[{"embeddable":true,"href":"https:\/\/www.nos-visites-guidees.com\/index.php\/wp-json\/wp\/v2\/comments?post=23"}],"version-history":[{"count":6,"href":"https:\/\/www.nos-visites-guidees.com\/index.php\/wp-json\/wp\/v2\/pages\/23\/revisions"}],"predecessor-version":[{"id":200,"href":"https:\/\/www.nos-visites-guidees.com\/index.php\/wp-json\/wp\/v2\/pages\/23\/revisions\/200"}],"wp:attachment":[{"href":"https:\/\/www.nos-visites-guidees.com\/index.php\/wp-json\/wp\/v2\/media?parent=23"}],"curies":[{"name":"wp","href":"https:\/\/api.w.org\/{rel}","templated":true}]}}