{"id":248,"date":"2019-12-30T19:23:46","date_gmt":"2019-12-30T18:23:46","guid":{"rendered":"http:\/\/nos-visites-guidees.com\/?page_id=248"},"modified":"2019-12-30T19:25:00","modified_gmt":"2019-12-30T18:25:00","slug":"assistance-transferts","status":"publish","type":"page","link":"https:\/\/www.nos-visites-guidees.com\/index.php\/fr\/assistance-transferts\/","title":{"rendered":"Assistance transferts"},"content":{"rendered":"\n<p style=\"text-align: justify;\">Forte de nombreuses exp\u00e9riences dans le tourisme, je suis particuli\u00e8rement sensible \u00e0 l\u2019accueil des voyageurs, \u00e9l\u00e9ment tr\u00e8s important dans tout s\u00e9jour.<br \/>Pour vous assurer cette qualit\u00e9 d\u2019accueil, je vous propose une assistance efficace, fiable, chaleureuse et souriante pour\u00a0 :<br \/>Des Transferts\u00a0aller et\/ou retour:<\/p>\n<ul>\n<li>A\u00e9roports de Gen\u00e8ve et\u00a0 Lyon vers les h\u00e9bergements.<\/li>\n<li>gares\u00a0 SNCF ou routi\u00e8res de Gen\u00e8ve, Annecy, Albertville\u00a0 :\u00a0 vers les stations de ski Maurienne, Tarentaise, et Aravis.<\/li>\n<li>Dans les h\u00e9bergements\u00a0 : aide au check in-check out, assistance pour confirmation des vols, enregistrement bagages\u2026<\/li>\n<\/ul>\n<p>Devis sur simple demande.<\/p>\n","protected":false},"excerpt":{"rendered":"<p>Forte de nombreuses exp\u00e9riences dans le tourisme, je suis particuli\u00e8rement sensible \u00e0 l\u2019accueil des voyageurs, \u00e9l\u00e9ment tr\u00e8s important dans tout [&hellip;]<\/p>\n","protected":false},"author":2,"featured_media":0,"parent":0,"menu_order":0,"comment_status":"closed","ping_status":"closed","template":"","meta":{"footnotes":""},"class_list":["post-248","page","type-page","status-publish","hentry"],"_links":{"self":[{"href":"https:\/\/www.nos-visites-guidees.com\/index.php\/wp-json\/wp\/v2\/pages\/248","targetHints":{"allow":["GET"]}}],"collection":[{"href":"https:\/\/www.nos-visites-guidees.com\/index.php\/wp-json\/wp\/v2\/pages"}],"about":[{"href":"https:\/\/www.nos-visites-guidees.com\/index.php\/wp-json\/wp\/v2\/types\/page"}],"author":[{"embeddable":true,"href":"https:\/\/www.nos-visites-guidees.com\/index.php\/wp-json\/wp\/v2\/users\/2"}],"replies":[{"embeddable":true,"href":"https:\/\/www.nos-visites-guidees.com\/index.php\/wp-json\/wp\/v2\/comments?post=248"}],"version-history":[{"count":2,"href":"https:\/\/www.nos-visites-guidees.com\/index.php\/wp-json\/wp\/v2\/pages\/248\/revisions"}],"predecessor-version":[{"id":250,"href":"https:\/\/www.nos-visites-guidees.com\/index.php\/wp-json\/wp\/v2\/pages\/248\/revisions\/250"}],"wp:attachment":[{"href":"https:\/\/www.nos-visites-guidees.com\/index.php\/wp-json\/wp\/v2\/media?parent=248"}],"curies":[{"name":"wp","href":"https:\/\/api.w.org\/{rel}","templated":true}]}}