{"id":263,"date":"2019-12-30T19:52:14","date_gmt":"2019-12-30T18:52:14","guid":{"rendered":"http:\/\/nos-visites-guidees.com\/?page_id=263"},"modified":"2019-12-30T19:59:27","modified_gmt":"2019-12-30T18:59:27","slug":"einzelpersonen","status":"publish","type":"page","link":"https:\/\/www.nos-visites-guidees.com\/index.php\/de\/einzelpersonen\/","title":{"rendered":"Einzelpersonen"},"content":{"rendered":"\n<p>Alle F\u00fchrungen sind auch f\u00fcr Einzelpersonen verf\u00fcgbar.<\/p>\n<p>Setzen Sie sich mit mir in\u00a0 Verbindung, um ein F\u00fchrung nach Ihren W\u00fcnschen und Ihrem Budget durchzuf\u00fchren.<\/p>\n<p>Paypal Zahlungen m\u00f6glich.<\/p>\n","protected":false},"excerpt":{"rendered":"<p>Alle F\u00fchrungen sind auch f\u00fcr Einzelpersonen verf\u00fcgbar. Setzen Sie sich mit mir in\u00a0 Verbindung, um ein F\u00fchrung nach Ihren W\u00fcnschen [&hellip;]<\/p>\n","protected":false},"author":2,"featured_media":0,"parent":0,"menu_order":0,"comment_status":"closed","ping_status":"closed","template":"","meta":{"footnotes":""},"class_list":["post-263","page","type-page","status-publish","hentry"],"_links":{"self":[{"href":"https:\/\/www.nos-visites-guidees.com\/index.php\/wp-json\/wp\/v2\/pages\/263","targetHints":{"allow":["GET"]}}],"collection":[{"href":"https:\/\/www.nos-visites-guidees.com\/index.php\/wp-json\/wp\/v2\/pages"}],"about":[{"href":"https:\/\/www.nos-visites-guidees.com\/index.php\/wp-json\/wp\/v2\/types\/page"}],"author":[{"embeddable":true,"href":"https:\/\/www.nos-visites-guidees.com\/index.php\/wp-json\/wp\/v2\/users\/2"}],"replies":[{"embeddable":true,"href":"https:\/\/www.nos-visites-guidees.com\/index.php\/wp-json\/wp\/v2\/comments?post=263"}],"version-history":[{"count":2,"href":"https:\/\/www.nos-visites-guidees.com\/index.php\/wp-json\/wp\/v2\/pages\/263\/revisions"}],"predecessor-version":[{"id":272,"href":"https:\/\/www.nos-visites-guidees.com\/index.php\/wp-json\/wp\/v2\/pages\/263\/revisions\/272"}],"wp:attachment":[{"href":"https:\/\/www.nos-visites-guidees.com\/index.php\/wp-json\/wp\/v2\/media?parent=263"}],"curies":[{"name":"wp","href":"https:\/\/api.w.org\/{rel}","templated":true}]}}