{"id":277,"date":"2020-01-02T21:12:02","date_gmt":"2020-01-02T20:12:02","guid":{"rendered":"http:\/\/nos-visites-guidees.com\/?page_id=277"},"modified":"2020-01-02T21:12:02","modified_gmt":"2020-01-02T20:12:02","slug":"les-savoies","status":"publish","type":"page","link":"https:\/\/www.nos-visites-guidees.com\/index.php\/fr\/les-savoies\/","title":{"rendered":"Les Savoies"},"content":{"rendered":"\n<p>D\u00e9couvrez avec moi l&rsquo;un des 3 lacs savoyards:<\/p>\n<h3>Le Lac d&rsquo;Annecy et sa vieille ville<\/h3>\n<p><img loading=\"lazy\" decoding=\"async\" class=\"alignnone size-full wp-image-97\" src=\"http:\/\/nos-visites-guidees.com\/wp-content\/uploads\/photos\/FR\/annecyetlesaravis.jpg\" alt=\"\" width=\"200\" height=\"120\" \/><\/p>\n<p>\u00a0<\/p>\n<h3>Le\u00a0 lac l\u00e9man :<\/h3>\n<p><img loading=\"lazy\" decoding=\"async\" class=\"size-full wp-image-106 alignleft\" src=\"http:\/\/nos-visites-guidees.com\/wp-content\/uploads\/photos\/FR\/Lac_l\u00e9man.jpg\" alt=\"\" width=\"150\" height=\"125\" \/>le petit village d&rsquo;Yvoire,\u00a0 Thonon, Evian , Montreux, Lausanne et Gen\u00e8ve mais aussi les rives prestigieuses de Montreux et le vignoble de Lavaux.<\/p>\n<p>\u00a0<\/p>\n<p>\u00a0<\/p>\n<h3>Le lac du Bourget\u00a0 :<\/h3>\n<p><img loading=\"lazy\" decoding=\"async\" class=\"size-full wp-image-103 alignleft\" src=\"http:\/\/nos-visites-guidees.com\/wp-content\/uploads\/photos\/FR\/Lac_du_Bourget.jpg\" alt=\"\" width=\"200\" height=\"144\" \/>D&rsquo;aspect plus sauvage, il saura vous enchanter. <br \/>Aix les Bains<br \/>L\u2019abbaye d\u2019Hautecombe\u00a0\u00a0\u00a0<\/p>\n<p>\u00a0<\/p>\n<p>\u00a0<\/p>\n<p>mais aussi:<\/p>\n<p>Albertville et la cit\u00e9 m\u00e9di\u00e9vale de Conflans.<\/p>\n<p>Chamonix-Mont Blanc :<\/p>\n<p>Laissez vous enchanter par les paysages de haute montagne:\u00a0 le train \u00e0 cr\u00e9maill\u00e8re du Montenvers pour d\u00e9couvrir la mer de glace, le tramway du Mont-Blanc ou la mont\u00e9e \u00e0 l&rsquo;aiguille du Midi vous laisseront des souvenirs inoubliables.<\/p>\n<p>Et toute autre visite sur demande.<\/p>\n<p>\u00a0<\/p>\n<p>\u00a0<\/p>\n","protected":false},"excerpt":{"rendered":"<p>D\u00e9couvrez avec moi l&rsquo;un des 3 lacs savoyards: Le Lac d&rsquo;Annecy et sa vieille ville \u00a0 Le\u00a0 lac l\u00e9man : [&hellip;]<\/p>\n","protected":false},"author":2,"featured_media":0,"parent":0,"menu_order":0,"comment_status":"closed","ping_status":"closed","template":"","meta":{"footnotes":""},"class_list":["post-277","page","type-page","status-publish","hentry"],"_links":{"self":[{"href":"https:\/\/www.nos-visites-guidees.com\/index.php\/wp-json\/wp\/v2\/pages\/277","targetHints":{"allow":["GET"]}}],"collection":[{"href":"https:\/\/www.nos-visites-guidees.com\/index.php\/wp-json\/wp\/v2\/pages"}],"about":[{"href":"https:\/\/www.nos-visites-guidees.com\/index.php\/wp-json\/wp\/v2\/types\/page"}],"author":[{"embeddable":true,"href":"https:\/\/www.nos-visites-guidees.com\/index.php\/wp-json\/wp\/v2\/users\/2"}],"replies":[{"embeddable":true,"href":"https:\/\/www.nos-visites-guidees.com\/index.php\/wp-json\/wp\/v2\/comments?post=277"}],"version-history":[{"count":1,"href":"https:\/\/www.nos-visites-guidees.com\/index.php\/wp-json\/wp\/v2\/pages\/277\/revisions"}],"predecessor-version":[{"id":278,"href":"https:\/\/www.nos-visites-guidees.com\/index.php\/wp-json\/wp\/v2\/pages\/277\/revisions\/278"}],"wp:attachment":[{"href":"https:\/\/www.nos-visites-guidees.com\/index.php\/wp-json\/wp\/v2\/media?parent=277"}],"curies":[{"name":"wp","href":"https:\/\/api.w.org\/{rel}","templated":true}]}}