{"id":294,"date":"2020-01-03T14:16:15","date_gmt":"2020-01-03T13:16:15","guid":{"rendered":"http:\/\/nos-visites-guidees.com\/?page_id=294"},"modified":"2020-01-03T14:16:43","modified_gmt":"2020-01-03T13:16:43","slug":"franzosische-alpen","status":"publish","type":"page","link":"https:\/\/www.nos-visites-guidees.com\/index.php\/de\/franzosische-alpen\/","title":{"rendered":"Franz\u00f6sische Alpen"},"content":{"rendered":"\n<p><span style=\"line-height: 115%;\">F\u00fchrungen:<br \/>F\u00fcr Touristikfachleute, Betriebsr\u00e4te, Vereine, Gruppen, Schulklassen, Ferienresidenzen, Freizeitzentren, Familien, Senioren, Einzelpersonen.<br \/><br \/>Einige F\u00fchrungsideen.. :<\/span><\/p>\n<p>Annecy -See: Rundfahrt um den See:<br \/>Entdeckung der Vielfalt eines der saubersten Seen Europas.<\/p>\n<p><br \/>Les Aravis:<\/p>\n<p>grandiose Landschaften reich an Geschichte.<\/p>\n<p><img loading=\"lazy\" decoding=\"async\" class=\"size-full wp-image-148 alignleft\" src=\"http:\/\/nos-visites-guidees.com\/wp-content\/uploads\/photos\/DE\/Genfkathedrale.jpg\" alt=\"\" width=\"252\" height=\"336\" srcset=\"https:\/\/www.nos-visites-guidees.com\/wp-content\/uploads\/photos\/DE\/Genfkathedrale.jpg 252w, https:\/\/www.nos-visites-guidees.com\/wp-content\/uploads\/photos\/DE\/Genfkathedrale-225x300.jpg 225w\" sizes=\"auto, (max-width: 252px) 100vw, 252px\" \/>Genfer See\u00a0 :<br \/>Thonon, Evian , Montreux, Lausanne und Genf.<br \/><br \/>Genf\u00a0 :<br \/>-Stadtrundgang im historischen Zentrum von Genf<br \/>&#8211; Entdeckung der internationalen Organisationen von Genf per Bus mit anschlie\u00dfendem Stadtrundgang im historischen Zentrum.<\/p>\n<p>\u00a0<\/p>\n<h3>Albertville:<\/h3>\n<ul>\n<li>die mittelalterliche Stadt Conflans<\/li>\n<li>die Olympische Einrichtungen der Olympischen Spiele von 1992.<\/li>\n<\/ul>\n<p>Le lac du Bourget\u00a0 : Bourget See<br \/>Rundfahrt um dem See Bourget<br \/>Aix les Bains und Hautecombe Abtei<\/p>\n<p>Chamonix&#8230;.Aiguille du Midi und mer de Glace<\/p>\n<h3>Sind Sie auf Durchreise?<\/h3>\n<h3>Haben Sie kurz Zeit,\u00a0 um das Wesentliche zu entdecken?<\/h3>\n<h3>\u00a0<\/h3>\n<h1>F\u00fcr jeden seine Stadtf\u00fchrung&#8230;<\/h1>\n<h2>Kontaktieren Sie mich f\u00fcr Preise und Verf\u00fcgbarkeit.<\/h2>\n","protected":false},"excerpt":{"rendered":"<p>F\u00fchrungen:F\u00fcr Touristikfachleute, Betriebsr\u00e4te, Vereine, Gruppen, Schulklassen, Ferienresidenzen, Freizeitzentren, Familien, Senioren, Einzelpersonen. Einige F\u00fchrungsideen.. : Annecy -See: Rundfahrt um den See:Entdeckung [&hellip;]<\/p>\n","protected":false},"author":2,"featured_media":0,"parent":0,"menu_order":0,"comment_status":"closed","ping_status":"closed","template":"","meta":{"footnotes":""},"class_list":["post-294","page","type-page","status-publish","hentry"],"_links":{"self":[{"href":"https:\/\/www.nos-visites-guidees.com\/index.php\/wp-json\/wp\/v2\/pages\/294","targetHints":{"allow":["GET"]}}],"collection":[{"href":"https:\/\/www.nos-visites-guidees.com\/index.php\/wp-json\/wp\/v2\/pages"}],"about":[{"href":"https:\/\/www.nos-visites-guidees.com\/index.php\/wp-json\/wp\/v2\/types\/page"}],"author":[{"embeddable":true,"href":"https:\/\/www.nos-visites-guidees.com\/index.php\/wp-json\/wp\/v2\/users\/2"}],"replies":[{"embeddable":true,"href":"https:\/\/www.nos-visites-guidees.com\/index.php\/wp-json\/wp\/v2\/comments?post=294"}],"version-history":[{"count":1,"href":"https:\/\/www.nos-visites-guidees.com\/index.php\/wp-json\/wp\/v2\/pages\/294\/revisions"}],"predecessor-version":[{"id":295,"href":"https:\/\/www.nos-visites-guidees.com\/index.php\/wp-json\/wp\/v2\/pages\/294\/revisions\/295"}],"wp:attachment":[{"href":"https:\/\/www.nos-visites-guidees.com\/index.php\/wp-json\/wp\/v2\/media?parent=294"}],"curies":[{"name":"wp","href":"https:\/\/api.w.org\/{rel}","templated":true}]}}